{"id":5112,"date":"2025-06-12T08:48:09","date_gmt":"2025-06-12T06:48:09","guid":{"rendered":"https:\/\/yco.hu\/?page_id=5112"},"modified":"2026-02-04T13:26:17","modified_gmt":"2026-02-04T12:26:17","slug":"yco-digital-kft-development-of-innovative-applications","status":"publish","type":"page","link":"https:\/\/yco.hu\/en\/palyazatok\/yco-digital-kft-development-of-innovative-applications\/","title":{"rendered":"Developing the innovation capacity of YCO digital Ltd."},"content":{"rendered":"<div data-elementor-type=\"wp-page\" data-elementor-id=\"5112\" class=\"elementor elementor-5112\" data-elementor-post-type=\"page\">\n\t\t\t\t<div class=\"elementor-element elementor-element-9bc31dc e-flex e-con-boxed e-con e-parent\" data-id=\"9bc31dc\" data-element_type=\"container\">\n\t\t\t\t\t<div class=\"e-con-inner\">\n\t\t\t\t<div class=\"elementor-element elementor-element-e02bdf8 elementor-widget elementor-widget-heading\" data-id=\"e02bdf8\" data-element_type=\"widget\" data-widget_type=\"heading.default\">\n\t\t\t\t<div class=\"elementor-widget-container\">\n\t\t\t\t\t<h2 class=\"elementor-heading-title elementor-size-default\">Developing the innovation capacity of YCO digital Ltd.<\/h2>\t\t\t\t<\/div>\n\t\t\t\t<\/div>\n\t\t<div class=\"elementor-element elementor-element-0f9c68e e-con-full e-flex e-con e-child\" data-id=\"0f9c68e\" data-element_type=\"container\">\n\t\t\t\t<div class=\"elementor-element elementor-element-78d0d72 elementor-widget elementor-widget-heading\" data-id=\"78d0d72\" data-element_type=\"widget\" data-widget_type=\"heading.default\">\n\t\t\t\t<div class=\"elementor-widget-container\">\n\t\t\t\t\t<h2 class=\"elementor-heading-title elementor-size-default\"><a href=\"https:\/\/yco.hu\/en\">Home page<\/a><\/h2>\t\t\t\t<\/div>\n\t\t\t\t<\/div>\n\t\t\t\t<div class=\"elementor-element elementor-element-89c681f elementor-widget elementor-widget-heading\" data-id=\"89c681f\" data-element_type=\"widget\" data-widget_type=\"heading.default\">\n\t\t\t\t<div class=\"elementor-widget-container\">\n\t\t\t\t\t<h2 class=\"elementor-heading-title elementor-size-default\">\/<\/h2>\t\t\t\t<\/div>\n\t\t\t\t<\/div>\n\t\t\t\t<div class=\"elementor-element elementor-element-8e7e32f elementor-widget elementor-widget-heading\" data-id=\"8e7e32f\" data-element_type=\"widget\" data-widget_type=\"heading.default\">\n\t\t\t\t<div class=\"elementor-widget-container\">\n\t\t\t\t\t<h2 class=\"elementor-heading-title elementor-size-default\"><a href=\"\/en\/palyazatok\/\">Applications<\/a><\/h2>\t\t\t\t<\/div>\n\t\t\t\t<\/div>\n\t\t\t\t<div class=\"elementor-element elementor-element-55b890a elementor-widget elementor-widget-heading\" data-id=\"55b890a\" data-element_type=\"widget\" data-widget_type=\"heading.default\">\n\t\t\t\t<div class=\"elementor-widget-container\">\n\t\t\t\t\t<h2 class=\"elementor-heading-title elementor-size-default\">\/<\/h2>\t\t\t\t<\/div>\n\t\t\t\t<\/div>\n\t\t\t\t<div class=\"elementor-element elementor-element-f2ecca5 elementor-widget elementor-widget-heading\" data-id=\"f2ecca5\" data-element_type=\"widget\" data-widget_type=\"heading.default\">\n\t\t\t\t<div class=\"elementor-widget-container\">\n\t\t\t\t\t<h2 class=\"elementor-heading-title elementor-size-default\">Developing the innovation capacity of YCO digital Ltd.<\/h2>\t\t\t\t<\/div>\n\t\t\t\t<\/div>\n\t\t\t\t<\/div>\n\t\t\t\t<div class=\"elementor-element elementor-element-d3c8186 elementor-widget elementor-widget-image\" data-id=\"d3c8186\" data-element_type=\"widget\" data-widget_type=\"image.default\">\n\t\t\t\t<div class=\"elementor-widget-container\">\n\t\t\t\t\t\t\t\t\t\t\t\t\t\t\t<img fetchpriority=\"high\" decoding=\"async\" width=\"800\" height=\"228\" src=\"https:\/\/yco.hu\/wp-content\/uploads\/2025\/06\/palyazat-banner-2025.jpg\" class=\"attachment-large size-large wp-image-5129\" alt=\"\" srcset=\"https:\/\/yco.hu\/wp-content\/uploads\/2025\/06\/palyazat-banner-2025.jpg 1024w, https:\/\/yco.hu\/wp-content\/uploads\/2025\/06\/palyazat-banner-2025-300x86.jpg 300w, https:\/\/yco.hu\/wp-content\/uploads\/2025\/06\/palyazat-banner-2025-768x219.jpg 768w\" sizes=\"(max-width: 800px) 100vw, 800px\" \/>\t\t\t\t\t\t\t\t\t\t\t\t\t\t\t<\/div>\n\t\t\t\t<\/div>\n\t\t\t\t<div class=\"elementor-element elementor-element-9b59b02 elementor-widget elementor-widget-text-editor\" data-id=\"9b59b02\" data-element_type=\"widget\" data-widget_type=\"text-editor.default\">\n\t\t\t\t<div class=\"elementor-widget-container\">\n\t\t\t\t\t\t\t\t\t<p><strong>Name of beneficiary:<\/strong> YCO digital Ltd.<br \/><strong>Project ID number:<\/strong> GINOP_PLUSZ-2.1.3-24-2024-00130<br \/><strong>Project title:<\/strong> \u201eImproving the innovation capacity of YCO digital Ltd\u201d<\/p><p><strong>Sponsor:<\/strong> National Development Centre<br \/><strong>Contracted amount of aid:<\/strong> 46 189 411,- Ft <br \/><strong>Total project cost:<\/strong> 65 984 874,- Ft <br \/><strong>Type of funding:<\/strong> European Regional Development Fund, non-repayable grant<br \/><strong>Aid intensity:<\/strong> 70%<br \/><strong>The starting date of the project implementation period:<\/strong> 2025.04.01.<br \/><strong>Date of physical completion of the project:<\/strong> 2026.09.30.<\/p>\t\t\t\t\t\t\t\t<\/div>\n\t\t\t\t<\/div>\n\t\t\t\t<div class=\"elementor-element elementor-element-823c2ec elementor-widget elementor-widget-heading\" data-id=\"823c2ec\" data-element_type=\"widget\" data-widget_type=\"heading.default\">\n\t\t\t\t<div class=\"elementor-widget-container\">\n\t\t\t\t\t<h2 class=\"elementor-heading-title elementor-size-default\">Your current production and\/or manufacturing business process:<\/h2>\t\t\t\t<\/div>\n\t\t\t\t<\/div>\n\t\t\t\t<div class=\"elementor-element elementor-element-8d055b2 elementor-widget elementor-widget-text-editor\" data-id=\"8d055b2\" data-element_type=\"widget\" data-widget_type=\"text-editor.default\">\n\t\t\t\t<div class=\"elementor-widget-container\">\n\t\t\t\t\t\t\t\t\t<p>The principal activity of YCO digital Ltd. and the activity concerned by this development is 6201 Computer programming. This activity is the development of webshops\/complex complex websites for clients in the administration field. This production process is concerned by the present innovation project.<\/p>\t\t\t\t\t\t\t\t<\/div>\n\t\t\t\t<\/div>\n\t\t\t\t<div class=\"elementor-element elementor-element-ee0647c elementor-widget elementor-widget-text-editor\" data-id=\"ee0647c\" data-element_type=\"widget\" data-widget_type=\"text-editor.default\">\n\t\t\t\t<div class=\"elementor-widget-container\">\n\t\t\t\t\t\t\t\t\t<p>This development will significantly shorten the production process and significantly increase the efficiency of the transfer of specifications to production staff. The efficiency of capacity planning will increase. The ex-post evaluation, good practice and quality target training that will be introduced in the new process is an important feedback and process improvement step, which is also an important element of the ISO 9001 PDCA cycle to be used as a template for the development of production processes and the basis for the implementation of continuous improvement. This can be integrated uniformly and immediately into the production process through the central ERP system. With the process developed, the Sprint to Perfection and its negative effects can be eliminated.<\/p>\t\t\t\t\t\t\t\t<\/div>\n\t\t\t\t<\/div>\n\t\t\t\t<div class=\"elementor-element elementor-element-c0070d4 elementor-widget elementor-widget-text-editor\" data-id=\"c0070d4\" data-element_type=\"widget\" data-widget_type=\"text-editor.default\">\n\t\t\t\t<div class=\"elementor-widget-container\">\n\t\t\t\t\t\t\t\t\t<p>In marketing and communication, they typically use isolated systems that are not or only slightly coordinated with each other. In their current form, they have limited capacity to raise standards and support the company's marketing activities.<\/p>\t\t\t\t\t\t\t\t<\/div>\n\t\t\t\t<\/div>\n\t\t\t\t<div class=\"elementor-element elementor-element-3dae190 elementor-widget elementor-widget-text-editor\" data-id=\"3dae190\" data-element_type=\"widget\" data-widget_type=\"text-editor.default\">\n\t\t\t\t<div class=\"elementor-widget-container\">\n\t\t\t\t\t\t\t\t\t<p>With the implementation of the ERP system, it is possible to provide real-time information to customers on the status of their projects without manual periodic analyses, to generate segmented lists of leads that do not reach the contract stage, to support lead generation at the needs assessment level (forms) without the need for human resources. The company's workflow is based on the agile methodology and no changes are needed. However, the replacement of parallel systems will bring the parallel threads into a single thread.<\/p>\t\t\t\t\t\t\t\t<\/div>\n\t\t\t\t<\/div>\n\t\t\t\t<div class=\"elementor-element elementor-element-adac452 elementor-widget elementor-widget-text-editor\" data-id=\"adac452\" data-element_type=\"widget\" data-widget_type=\"text-editor.default\">\n\t\t\t\t<div class=\"elementor-widget-container\">\n\t\t\t\t\t\t\t\t\t<p>In the implementation phase, our company will use consultancy services for the innovation of marketing processes and production processes, and a new ERP system will be implemented.<\/p>\t\t\t\t\t\t\t\t<\/div>\n\t\t\t\t<\/div>\n\t\t\t\t<div class=\"elementor-element elementor-element-09afe58 elementor-widget elementor-widget-text-editor\" data-id=\"09afe58\" data-element_type=\"widget\" data-widget_type=\"text-editor.default\">\n\t\t\t\t<div class=\"elementor-widget-container\">\n\t\t\t\t\t\t\t\t\t<p>The development phase will require the time and effort of 2 to 2 dedicated staff per area of expertise to be developed, which will be charged to the project.<\/p>\t\t\t\t\t\t\t\t<\/div>\n\t\t\t\t<\/div>\n\t\t\t\t\t<\/div>\n\t\t\t\t<\/div>\n\t\t\t\t<\/div>","protected":false},"excerpt":{"rendered":"<p>Developing the innovation capacity of YCO digital Kft. Home \/ Tenders \/ Developing the innovation capacity of YCO digital Kft.Beneficiary name: YCO digital Kft.Project ID number: GINOP_PLUSZ-2.1.3-24-2024-00130Project title: \u201eYCO digital Kft. Funding provider.<\/p>","protected":false},"author":7,"featured_media":0,"parent":4082,"menu_order":0,"comment_status":"closed","ping_status":"closed","template":"","meta":{"_acf_changed":false,"footnotes":""},"class_list":["post-5112","page","type-page","status-publish","hentry"],"acf":[],"yoast_head":"<!-- This site is optimized with the Yoast SEO Premium plugin v26.8 (Yoast SEO v26.8) - https:\/\/yoast.com\/product\/yoast-seo-premium-wordpress\/ -->\n<title>YCO digital Kft. innov\u00e1ci\u00f3s k\u00e9pess\u00e9g\u00e9nek fejleszt\u00e9se - YCO digital agency<\/title>\n<meta name=\"robots\" content=\"index, follow, max-snippet:-1, max-image-preview:large, max-video-preview:-1\" \/>\n<link rel=\"canonical\" href=\"https:\/\/yco.hu\/en\/palyazatok\/yco-digital-kft-development-of-innovative-applications\/\" \/>\n<meta property=\"og:locale\" content=\"en_GB\" \/>\n<meta property=\"og:type\" content=\"article\" \/>\n<meta property=\"og:title\" content=\"YCO digital Kft. innov\u00e1ci\u00f3s k\u00e9pess\u00e9g\u00e9nek fejleszt\u00e9se\" \/>\n<meta property=\"og:description\" content=\"YCO digital Kft. innov\u00e1ci\u00f3s k\u00e9pess\u00e9g\u00e9nek fejleszt\u00e9se Kezd\u0151lap \/ P\u00e1ly\u00e1zatok \/ YCO digital Kft. innov\u00e1ci\u00f3s k\u00e9pess\u00e9g\u00e9nek fejleszt\u00e9se Kedvezm\u00e9nyezett neve: YCO digital Kft.Projekt azonos\u00edt\u00f3sz\u00e1ma: GINOP_PLUSZ-2.1.3-24-2024-00130Projekt c\u00edme: \u201eYCO digital Kft. innov\u00e1ci\u00f3s k\u00e9pess\u00e9g\u00e9nek fejleszt\u00e9se\u201d T\u00e1mogat\u00f3: Nemzeti Fejleszt\u00e9si K\u00f6zpontSzerz\u0151d\u00f6tt t\u00e1mogat\u00e1s \u00f6sszege: 46 189 411,- Ft Projekt \u00f6sszk\u00f6lts\u00e9ge: 65 984 874,- Ft A finansz\u00edroz\u00e1s t\u00edpusa: Eur\u00f3pai Region\u00e1lis Fejleszt\u00e9si Alap, vissza nem [&hellip;]\" \/>\n<meta property=\"og:url\" content=\"https:\/\/yco.hu\/en\/palyazatok\/yco-digital-kft-development-of-innovative-applications\/\" \/>\n<meta property=\"og:site_name\" content=\"YCO digital agency\" \/>\n<meta property=\"article:publisher\" content=\"https:\/\/www.facebook.com\/yco.digital.agency\" \/>\n<meta property=\"article:modified_time\" content=\"2026-02-04T12:26:17+00:00\" \/>\n<meta property=\"og:image\" content=\"https:\/\/yco.hu\/wp-content\/uploads\/2025\/06\/palyazat-banner-2025.jpg\" \/>\n\t<meta property=\"og:image:width\" content=\"1024\" \/>\n\t<meta property=\"og:image:height\" content=\"292\" \/>\n\t<meta property=\"og:image:type\" content=\"image\/jpeg\" \/>\n<meta name=\"twitter:card\" content=\"summary_large_image\" \/>\n<meta name=\"twitter:label1\" content=\"Estimated reading time\" \/>\n\t<meta name=\"twitter:data1\" content=\"2 minutes\" \/>\n<script type=\"application\/ld+json\" class=\"yoast-schema-graph\">{\"@context\":\"https:\/\/schema.org\",\"@graph\":[{\"@type\":\"WebPage\",\"@id\":\"https:\/\/yco.hu\/palyazatok\/yco-digital-kft-innovacios-kepessegenek-fejlesztese\/\",\"url\":\"https:\/\/yco.hu\/palyazatok\/yco-digital-kft-innovacios-kepessegenek-fejlesztese\/\",\"name\":\"YCO digital Kft. innov\u00e1ci\u00f3s k\u00e9pess\u00e9g\u00e9nek fejleszt\u00e9se - YCO digital agency\",\"isPartOf\":{\"@id\":\"https:\/\/yco.hu\/#website\"},\"primaryImageOfPage\":{\"@id\":\"https:\/\/yco.hu\/palyazatok\/yco-digital-kft-innovacios-kepessegenek-fejlesztese\/#primaryimage\"},\"image\":{\"@id\":\"https:\/\/yco.hu\/palyazatok\/yco-digital-kft-innovacios-kepessegenek-fejlesztese\/#primaryimage\"},\"thumbnailUrl\":\"https:\/\/yco.hu\/wp-content\/uploads\/2025\/06\/palyazat-banner-2025.jpg\",\"datePublished\":\"2025-06-12T06:48:09+00:00\",\"dateModified\":\"2026-02-04T12:26:17+00:00\",\"breadcrumb\":{\"@id\":\"https:\/\/yco.hu\/palyazatok\/yco-digital-kft-innovacios-kepessegenek-fejlesztese\/#breadcrumb\"},\"inLanguage\":\"en-GB\",\"potentialAction\":[{\"@type\":\"ReadAction\",\"target\":[\"https:\/\/yco.hu\/palyazatok\/yco-digital-kft-innovacios-kepessegenek-fejlesztese\/\"]}]},{\"@type\":\"ImageObject\",\"inLanguage\":\"en-GB\",\"@id\":\"https:\/\/yco.hu\/palyazatok\/yco-digital-kft-innovacios-kepessegenek-fejlesztese\/#primaryimage\",\"url\":\"https:\/\/yco.hu\/wp-content\/uploads\/2025\/06\/palyazat-banner-2025.jpg\",\"contentUrl\":\"https:\/\/yco.hu\/wp-content\/uploads\/2025\/06\/palyazat-banner-2025.jpg\"},{\"@type\":\"BreadcrumbList\",\"@id\":\"https:\/\/yco.hu\/palyazatok\/yco-digital-kft-innovacios-kepessegenek-fejlesztese\/#breadcrumb\",\"itemListElement\":[{\"@type\":\"ListItem\",\"position\":1,\"name\":\"Kezd\u0151lap\",\"item\":\"https:\/\/yco.hu\/\"},{\"@type\":\"ListItem\",\"position\":2,\"name\":\"P\u00e1ly\u00e1zatok\",\"item\":\"https:\/\/yco.hu\/palyazatok\/\"},{\"@type\":\"ListItem\",\"position\":3,\"name\":\"YCO digital Kft. innov\u00e1ci\u00f3s k\u00e9pess\u00e9g\u00e9nek fejleszt\u00e9se\"}]},{\"@type\":\"WebSite\",\"@id\":\"https:\/\/yco.hu\/#website\",\"url\":\"https:\/\/yco.hu\/\",\"name\":\"YCO digital agency\",\"description\":\"YCO digital agency\",\"publisher\":{\"@id\":\"https:\/\/yco.hu\/#organization\"},\"potentialAction\":[{\"@type\":\"SearchAction\",\"target\":{\"@type\":\"EntryPoint\",\"urlTemplate\":\"https:\/\/yco.hu\/?s={search_term_string}\"},\"query-input\":{\"@type\":\"PropertyValueSpecification\",\"valueRequired\":true,\"valueName\":\"search_term_string\"}}],\"inLanguage\":\"en-GB\"},{\"@type\":\"Organization\",\"@id\":\"https:\/\/yco.hu\/#organization\",\"name\":\"YCO digital agency\",\"url\":\"https:\/\/yco.hu\/\",\"logo\":{\"@type\":\"ImageObject\",\"inLanguage\":\"en-GB\",\"@id\":\"https:\/\/yco.hu\/#\/schema\/logo\/image\/\",\"url\":\"https:\/\/yco.hu\/wp-content\/uploads\/2025\/01\/yco_logo.svg\",\"contentUrl\":\"https:\/\/yco.hu\/wp-content\/uploads\/2025\/01\/yco_logo.svg\",\"width\":58,\"height\":32,\"caption\":\"YCO digital agency\"},\"image\":{\"@id\":\"https:\/\/yco.hu\/#\/schema\/logo\/image\/\"},\"sameAs\":[\"https:\/\/www.facebook.com\/yco.digital.agency\",\"https:\/\/www.instagram.com\/ycodigitalagency\/\",\"https:\/\/www.tiktok.com\/@ycodigitalagency\",\"https:\/\/hu.linkedin.com\/company\/yco-digital-agency\"],\"email\":\"hello@yco.hu\",\"telephone\":\"+36304011180\",\"legalName\":\"YCO digital Kft\"}]}<\/script>\n<!-- \/ Yoast SEO Premium plugin. -->","yoast_head_json":{"title":"YCO digital Ltd. to improve its innovation capacity - YCO digital agency","robots":{"index":"index","follow":"follow","max-snippet":"max-snippet:-1","max-image-preview":"max-image-preview:large","max-video-preview":"max-video-preview:-1"},"canonical":"https:\/\/yco.hu\/en\/palyazatok\/yco-digital-kft-development-of-innovative-applications\/","og_locale":"en_GB","og_type":"article","og_title":"YCO digital Kft. innov\u00e1ci\u00f3s k\u00e9pess\u00e9g\u00e9nek fejleszt\u00e9se","og_description":"YCO digital Kft. innov\u00e1ci\u00f3s k\u00e9pess\u00e9g\u00e9nek fejleszt\u00e9se Kezd\u0151lap \/ P\u00e1ly\u00e1zatok \/ YCO digital Kft. innov\u00e1ci\u00f3s k\u00e9pess\u00e9g\u00e9nek fejleszt\u00e9se Kedvezm\u00e9nyezett neve: YCO digital Kft.Projekt azonos\u00edt\u00f3sz\u00e1ma: GINOP_PLUSZ-2.1.3-24-2024-00130Projekt c\u00edme: \u201eYCO digital Kft. innov\u00e1ci\u00f3s k\u00e9pess\u00e9g\u00e9nek fejleszt\u00e9se\u201d T\u00e1mogat\u00f3: Nemzeti Fejleszt\u00e9si K\u00f6zpontSzerz\u0151d\u00f6tt t\u00e1mogat\u00e1s \u00f6sszege: 46 189 411,- Ft Projekt \u00f6sszk\u00f6lts\u00e9ge: 65 984 874,- Ft A finansz\u00edroz\u00e1s t\u00edpusa: Eur\u00f3pai Region\u00e1lis Fejleszt\u00e9si Alap, vissza nem [&hellip;]","og_url":"https:\/\/yco.hu\/en\/palyazatok\/yco-digital-kft-development-of-innovative-applications\/","og_site_name":"YCO digital agency","article_publisher":"https:\/\/www.facebook.com\/yco.digital.agency","article_modified_time":"2026-02-04T12:26:17+00:00","og_image":[{"width":1024,"height":292,"url":"https:\/\/yco.hu\/wp-content\/uploads\/2025\/06\/palyazat-banner-2025.jpg","type":"image\/jpeg"}],"twitter_card":"summary_large_image","twitter_misc":{"Estimated reading time":"2 minutes"},"schema":{"@context":"https:\/\/schema.org","@graph":[{"@type":"WebPage","@id":"https:\/\/yco.hu\/palyazatok\/yco-digital-kft-innovacios-kepessegenek-fejlesztese\/","url":"https:\/\/yco.hu\/palyazatok\/yco-digital-kft-innovacios-kepessegenek-fejlesztese\/","name":"YCO digital Ltd. to improve its innovation capacity - YCO digital agency","isPartOf":{"@id":"https:\/\/yco.hu\/#website"},"primaryImageOfPage":{"@id":"https:\/\/yco.hu\/palyazatok\/yco-digital-kft-innovacios-kepessegenek-fejlesztese\/#primaryimage"},"image":{"@id":"https:\/\/yco.hu\/palyazatok\/yco-digital-kft-innovacios-kepessegenek-fejlesztese\/#primaryimage"},"thumbnailUrl":"https:\/\/yco.hu\/wp-content\/uploads\/2025\/06\/palyazat-banner-2025.jpg","datePublished":"2025-06-12T06:48:09+00:00","dateModified":"2026-02-04T12:26:17+00:00","breadcrumb":{"@id":"https:\/\/yco.hu\/palyazatok\/yco-digital-kft-innovacios-kepessegenek-fejlesztese\/#breadcrumb"},"inLanguage":"en-GB","potentialAction":[{"@type":"ReadAction","target":["https:\/\/yco.hu\/palyazatok\/yco-digital-kft-innovacios-kepessegenek-fejlesztese\/"]}]},{"@type":"ImageObject","inLanguage":"en-GB","@id":"https:\/\/yco.hu\/palyazatok\/yco-digital-kft-innovacios-kepessegenek-fejlesztese\/#primaryimage","url":"https:\/\/yco.hu\/wp-content\/uploads\/2025\/06\/palyazat-banner-2025.jpg","contentUrl":"https:\/\/yco.hu\/wp-content\/uploads\/2025\/06\/palyazat-banner-2025.jpg"},{"@type":"BreadcrumbList","@id":"https:\/\/yco.hu\/palyazatok\/yco-digital-kft-innovacios-kepessegenek-fejlesztese\/#breadcrumb","itemListElement":[{"@type":"ListItem","position":1,"name":"Kezd\u0151lap","item":"https:\/\/yco.hu\/"},{"@type":"ListItem","position":2,"name":"P\u00e1ly\u00e1zatok","item":"https:\/\/yco.hu\/palyazatok\/"},{"@type":"ListItem","position":3,"name":"YCO digital Kft. innov\u00e1ci\u00f3s k\u00e9pess\u00e9g\u00e9nek fejleszt\u00e9se"}]},{"@type":"WebSite","@id":"https:\/\/yco.hu\/#website","url":"https:\/\/yco.hu\/","name":"YCO digital agency","description":"YCO digital agency","publisher":{"@id":"https:\/\/yco.hu\/#organization"},"potentialAction":[{"@type":"SearchAction","target":{"@type":"EntryPoint","urlTemplate":"https:\/\/yco.hu\/?s={search_term_string}"},"query-input":{"@type":"PropertyValueSpecification","valueRequired":true,"valueName":"search_term_string"}}],"inLanguage":"en-GB"},{"@type":"Organization","@id":"https:\/\/yco.hu\/#organization","name":"YCO digital agency","url":"https:\/\/yco.hu\/","logo":{"@type":"ImageObject","inLanguage":"en-GB","@id":"https:\/\/yco.hu\/#\/schema\/logo\/image\/","url":"https:\/\/yco.hu\/wp-content\/uploads\/2025\/01\/yco_logo.svg","contentUrl":"https:\/\/yco.hu\/wp-content\/uploads\/2025\/01\/yco_logo.svg","width":58,"height":32,"caption":"YCO digital agency"},"image":{"@id":"https:\/\/yco.hu\/#\/schema\/logo\/image\/"},"sameAs":["https:\/\/www.facebook.com\/yco.digital.agency","https:\/\/www.instagram.com\/ycodigitalagency\/","https:\/\/www.tiktok.com\/@ycodigitalagency","https:\/\/hu.linkedin.com\/company\/yco-digital-agency"],"email":"hello@yco.hu","telephone":"+36304011180","legalName":"YCO digital Kft"}]}},"_links":{"self":[{"href":"https:\/\/yco.hu\/en\/wp-json\/wp\/v2\/pages\/5112","targetHints":{"allow":["GET"]}}],"collection":[{"href":"https:\/\/yco.hu\/en\/wp-json\/wp\/v2\/pages"}],"about":[{"href":"https:\/\/yco.hu\/en\/wp-json\/wp\/v2\/types\/page"}],"author":[{"embeddable":true,"href":"https:\/\/yco.hu\/en\/wp-json\/wp\/v2\/users\/7"}],"replies":[{"embeddable":true,"href":"https:\/\/yco.hu\/en\/wp-json\/wp\/v2\/comments?post=5112"}],"version-history":[{"count":14,"href":"https:\/\/yco.hu\/en\/wp-json\/wp\/v2\/pages\/5112\/revisions"}],"predecessor-version":[{"id":6044,"href":"https:\/\/yco.hu\/en\/wp-json\/wp\/v2\/pages\/5112\/revisions\/6044"}],"up":[{"embeddable":true,"href":"https:\/\/yco.hu\/en\/wp-json\/wp\/v2\/pages\/4082"}],"wp:attachment":[{"href":"https:\/\/yco.hu\/en\/wp-json\/wp\/v2\/media?parent=5112"}],"curies":[{"name":"wp","href":"https:\/\/api.w.org\/{rel}","templated":true}]}}