{"id":4103,"date":"2025-04-15T09:26:24","date_gmt":"2025-04-15T07:26:24","guid":{"rendered":"https:\/\/yco.hu\/?page_id=4103"},"modified":"2025-04-15T10:01:00","modified_gmt":"2025-04-15T08:01:00","slug":"foglalkoztatasbovites-a-y-shift-online-marketing-ugynoksegnel","status":"publish","type":"page","link":"https:\/\/yco.hu\/en\/palyazatok\/foglalkoztatasbovites-a-y-shift-online-marketing-ugynoksegnel\/","title":{"rendered":"Employment expansion at online marketing agency Y-shift"},"content":{"rendered":"<div data-elementor-type=\"wp-page\" data-elementor-id=\"4103\" class=\"elementor elementor-4103\" data-elementor-post-type=\"page\">\n\t\t\t\t<div class=\"elementor-element elementor-element-450e907 e-flex e-con-boxed e-con e-parent\" data-id=\"450e907\" data-element_type=\"container\">\n\t\t\t\t\t<div class=\"e-con-inner\">\n\t\t\t\t<div class=\"elementor-element elementor-element-20854d0 elementor-widget elementor-widget-heading\" data-id=\"20854d0\" data-element_type=\"widget\" data-widget_type=\"heading.default\">\n\t\t\t\t<div class=\"elementor-widget-container\">\n\t\t\t\t\t<h2 class=\"elementor-heading-title elementor-size-default\">Employment expansion at online marketing agency Y-shift<\/h2>\t\t\t\t<\/div>\n\t\t\t\t<\/div>\n\t\t<div class=\"elementor-element elementor-element-3aed8bc e-con-full e-flex e-con e-child\" data-id=\"3aed8bc\" data-element_type=\"container\">\n\t\t\t\t<div class=\"elementor-element elementor-element-8309a12 elementor-widget elementor-widget-heading\" data-id=\"8309a12\" data-element_type=\"widget\" data-widget_type=\"heading.default\">\n\t\t\t\t<div class=\"elementor-widget-container\">\n\t\t\t\t\t<h2 class=\"elementor-heading-title elementor-size-default\"><a href=\"https:\/\/yco.hu\/en\">Home page<\/a><\/h2>\t\t\t\t<\/div>\n\t\t\t\t<\/div>\n\t\t\t\t<div class=\"elementor-element elementor-element-f307729 elementor-widget elementor-widget-heading\" data-id=\"f307729\" data-element_type=\"widget\" data-widget_type=\"heading.default\">\n\t\t\t\t<div class=\"elementor-widget-container\">\n\t\t\t\t\t<h2 class=\"elementor-heading-title elementor-size-default\">\/<\/h2>\t\t\t\t<\/div>\n\t\t\t\t<\/div>\n\t\t\t\t<div class=\"elementor-element elementor-element-b8380f9 elementor-widget elementor-widget-heading\" data-id=\"b8380f9\" data-element_type=\"widget\" data-widget_type=\"heading.default\">\n\t\t\t\t<div class=\"elementor-widget-container\">\n\t\t\t\t\t<h2 class=\"elementor-heading-title elementor-size-default\"><a href=\"\/en\/palyazatok\/\">Applications<\/a><\/h2>\t\t\t\t<\/div>\n\t\t\t\t<\/div>\n\t\t\t\t<div class=\"elementor-element elementor-element-35dfd4f elementor-widget elementor-widget-heading\" data-id=\"35dfd4f\" data-element_type=\"widget\" data-widget_type=\"heading.default\">\n\t\t\t\t<div class=\"elementor-widget-container\">\n\t\t\t\t\t<h2 class=\"elementor-heading-title elementor-size-default\">\/<\/h2>\t\t\t\t<\/div>\n\t\t\t\t<\/div>\n\t\t\t\t<div class=\"elementor-element elementor-element-41ab6b9 elementor-widget elementor-widget-heading\" data-id=\"41ab6b9\" data-element_type=\"widget\" data-widget_type=\"heading.default\">\n\t\t\t\t<div class=\"elementor-widget-container\">\n\t\t\t\t\t<h2 class=\"elementor-heading-title elementor-size-default\">Employment expansion at online marketing agency Y-shift<\/h2>\t\t\t\t<\/div>\n\t\t\t\t<\/div>\n\t\t\t\t<\/div>\n\t\t\t\t<div class=\"elementor-element elementor-element-45ee52e elementor-widget elementor-widget-text-editor\" data-id=\"45ee52e\" data-element_type=\"widget\" data-widget_type=\"text-editor.default\">\n\t\t\t\t<div class=\"elementor-widget-container\">\n\t\t\t\t\t\t\t\t\t<p><strong>Name of beneficiary:<\/strong> Y-shift Ltd.<br \/><strong>Project ID number:<\/strong> GINOP-5.3.12-19-2020-00539<br \/><strong>Project title:<\/strong> Employment expansion at online marketing agency Y-shift<br \/><strong>Project implementation site:<\/strong> 7621 P\u00e9cs Kazinczy utca 2. 1.em.<br \/><strong>Total project cost:<\/strong> 19 756 800 Ft<br \/><strong>Project funding amount:<\/strong> 13 829 760 Ft (70 % intensity)<br \/><strong>Project period:<\/strong> 2020.07.21. - 2022.09.30.<\/p>\t\t\t\t\t\t\t\t<\/div>\n\t\t\t\t<\/div>\n\t\t\t\t<div class=\"elementor-element elementor-element-3b651ad elementor-widget elementor-widget-heading\" data-id=\"3b651ad\" data-element_type=\"widget\" data-widget_type=\"heading.default\">\n\t\t\t\t<div class=\"elementor-widget-container\">\n\t\t\t\t\t<h2 class=\"elementor-heading-title elementor-size-default\">A short description of the project implemented:<\/h2>\t\t\t\t<\/div>\n\t\t\t\t<\/div>\n\t\t\t\t<div class=\"elementor-element elementor-element-44c16e7 elementor-widget elementor-widget-text-editor\" data-id=\"44c16e7\" data-element_type=\"widget\" data-widget_type=\"text-editor.default\">\n\t\t\t\t<div class=\"elementor-widget-container\">\n\t\t\t\t\t\t\t\t\t<p>The main objective of the project was to achieve an increase of 50% by the second half of 2020, thereby increasing our competitiveness and the range of services we offer. This goal was successfully achieved by October 2020. Through the growth achieved through the tender, we have created a team of online marketing specialists, so we need to outsource much less work than before. With the help of the grant, we now have 9 full-time employees and have continued to grow since then.<\/p>\t\t\t\t\t\t\t\t<\/div>\n\t\t\t\t<\/div>\n\t\t\t\t\t<\/div>\n\t\t\t\t<\/div>\n\t\t\t\t<\/div>","protected":false},"excerpt":{"rendered":"<p>Foglalkoztat\u00e1s- b\u0151v\u00edt\u00e9s a Y-shift online marketing \u00fcgyn\u00f6ks\u00e9gn\u00e9l Kezd\u0151lap \/ P\u00e1ly\u00e1zatok \/ Foglalkoztat\u00e1s- b\u0151v\u00edt\u00e9s a Y-shift online marketing \u00fcgyn\u00f6ks\u00e9gn\u00e9l Kedvezm\u00e9nyezett neve: Y-shift Kft.Projekt azonos\u00edt\u00f3sz\u00e1ma: GINOP-5.3.12-19-2020-00539Projekt c\u00edme: Foglalkoztat\u00e1sb\u0151v\u00edt\u00e9s a Y-shift online marketing \u00fcgyn\u00f6ks\u00e9gn\u00e9lProjekt megval\u00f3s\u00edt\u00e1s helysz\u00edne: 7621 P\u00e9cs Kazinczy utca 2. 1.em.Projekt \u00f6sszk\u00f6lts\u00e9ge: 19 756 800 FtProjekt t\u00e1mogat\u00e1si \u00f6sszeg: 13 829 760 Ft (70 % intenzit\u00e1s)Projekt id\u0151szak: 2020.07.21. [&hellip;]<\/p>","protected":false},"author":11,"featured_media":0,"parent":4082,"menu_order":0,"comment_status":"closed","ping_status":"closed","template":"elementor_header_footer","meta":{"_acf_changed":false,"footnotes":""},"class_list":["post-4103","page","type-page","status-publish","hentry"],"acf":[],"yoast_head":"<!-- This site is optimized with the Yoast SEO Premium plugin v26.8 (Yoast SEO v26.8) - https:\/\/yoast.com\/product\/yoast-seo-premium-wordpress\/ -->\n<title>Foglalkoztat\u00e1sb\u0151v\u00edt\u00e9s a Y-shift online marketing \u00fcgyn\u00f6ks\u00e9gn\u00e9l - YCO digital agency<\/title>\n<meta name=\"robots\" content=\"index, follow, max-snippet:-1, max-image-preview:large, max-video-preview:-1\" \/>\n<link rel=\"canonical\" href=\"https:\/\/yco.hu\/en\/palyazatok\/foglalkoztatasbovites-a-y-shift-online-marketing-ugynoksegnel\/\" \/>\n<meta property=\"og:locale\" content=\"en_GB\" \/>\n<meta property=\"og:type\" content=\"article\" \/>\n<meta property=\"og:title\" content=\"Foglalkoztat\u00e1sb\u0151v\u00edt\u00e9s a Y-shift online marketing \u00fcgyn\u00f6ks\u00e9gn\u00e9l\" \/>\n<meta property=\"og:description\" content=\"Foglalkoztat\u00e1s- b\u0151v\u00edt\u00e9s a Y-shift online marketing \u00fcgyn\u00f6ks\u00e9gn\u00e9l Kezd\u0151lap \/ P\u00e1ly\u00e1zatok \/ Foglalkoztat\u00e1s- b\u0151v\u00edt\u00e9s a Y-shift online marketing \u00fcgyn\u00f6ks\u00e9gn\u00e9l Kedvezm\u00e9nyezett neve: Y-shift Kft.Projekt azonos\u00edt\u00f3sz\u00e1ma: GINOP-5.3.12-19-2020-00539Projekt c\u00edme: Foglalkoztat\u00e1sb\u0151v\u00edt\u00e9s a Y-shift online marketing \u00fcgyn\u00f6ks\u00e9gn\u00e9lProjekt megval\u00f3s\u00edt\u00e1s helysz\u00edne: 7621 P\u00e9cs Kazinczy utca 2. 1.em.Projekt \u00f6sszk\u00f6lts\u00e9ge: 19 756 800 FtProjekt t\u00e1mogat\u00e1si \u00f6sszeg: 13 829 760 Ft (70 % intenzit\u00e1s)Projekt id\u0151szak: 2020.07.21. [&hellip;]\" \/>\n<meta property=\"og:url\" content=\"https:\/\/yco.hu\/en\/palyazatok\/foglalkoztatasbovites-a-y-shift-online-marketing-ugynoksegnel\/\" \/>\n<meta property=\"og:site_name\" content=\"YCO digital agency\" \/>\n<meta property=\"article:publisher\" content=\"https:\/\/www.facebook.com\/yco.digital.agency\" \/>\n<meta property=\"article:modified_time\" content=\"2025-04-15T08:01:00+00:00\" \/>\n<meta property=\"og:image\" content=\"https:\/\/yco.hu\/wp-content\/uploads\/2025\/04\/yco_digital_agency.jpg\" \/>\n\t<meta property=\"og:image:width\" content=\"1200\" \/>\n\t<meta property=\"og:image:height\" content=\"628\" \/>\n\t<meta property=\"og:image:type\" content=\"image\/jpeg\" \/>\n<meta name=\"twitter:card\" content=\"summary_large_image\" \/>\n<meta name=\"twitter:label1\" content=\"Estimated reading time\" \/>\n\t<meta name=\"twitter:data1\" content=\"1 minute\" \/>\n<script type=\"application\/ld+json\" class=\"yoast-schema-graph\">{\"@context\":\"https:\/\/schema.org\",\"@graph\":[{\"@type\":\"WebPage\",\"@id\":\"https:\/\/yco.hu\/palyazatok\/foglalkoztatasbovites-a-y-shift-online-marketing-ugynoksegnel\/\",\"url\":\"https:\/\/yco.hu\/palyazatok\/foglalkoztatasbovites-a-y-shift-online-marketing-ugynoksegnel\/\",\"name\":\"Foglalkoztat\u00e1sb\u0151v\u00edt\u00e9s a Y-shift online marketing \u00fcgyn\u00f6ks\u00e9gn\u00e9l - YCO digital agency\",\"isPartOf\":{\"@id\":\"https:\/\/yco.hu\/#website\"},\"datePublished\":\"2025-04-15T07:26:24+00:00\",\"dateModified\":\"2025-04-15T08:01:00+00:00\",\"breadcrumb\":{\"@id\":\"https:\/\/yco.hu\/palyazatok\/foglalkoztatasbovites-a-y-shift-online-marketing-ugynoksegnel\/#breadcrumb\"},\"inLanguage\":\"en-GB\",\"potentialAction\":[{\"@type\":\"ReadAction\",\"target\":[\"https:\/\/yco.hu\/palyazatok\/foglalkoztatasbovites-a-y-shift-online-marketing-ugynoksegnel\/\"]}]},{\"@type\":\"BreadcrumbList\",\"@id\":\"https:\/\/yco.hu\/palyazatok\/foglalkoztatasbovites-a-y-shift-online-marketing-ugynoksegnel\/#breadcrumb\",\"itemListElement\":[{\"@type\":\"ListItem\",\"position\":1,\"name\":\"Kezd\u0151lap\",\"item\":\"https:\/\/yco.hu\/\"},{\"@type\":\"ListItem\",\"position\":2,\"name\":\"P\u00e1ly\u00e1zatok\",\"item\":\"https:\/\/yco.hu\/palyazatok\/\"},{\"@type\":\"ListItem\",\"position\":3,\"name\":\"Foglalkoztat\u00e1sb\u0151v\u00edt\u00e9s a Y-shift online marketing \u00fcgyn\u00f6ks\u00e9gn\u00e9l\"}]},{\"@type\":\"WebSite\",\"@id\":\"https:\/\/yco.hu\/#website\",\"url\":\"https:\/\/yco.hu\/\",\"name\":\"YCO digital agency\",\"description\":\"YCO digital agency\",\"publisher\":{\"@id\":\"https:\/\/yco.hu\/#organization\"},\"potentialAction\":[{\"@type\":\"SearchAction\",\"target\":{\"@type\":\"EntryPoint\",\"urlTemplate\":\"https:\/\/yco.hu\/?s={search_term_string}\"},\"query-input\":{\"@type\":\"PropertyValueSpecification\",\"valueRequired\":true,\"valueName\":\"search_term_string\"}}],\"inLanguage\":\"en-GB\"},{\"@type\":\"Organization\",\"@id\":\"https:\/\/yco.hu\/#organization\",\"name\":\"YCO digital agency\",\"url\":\"https:\/\/yco.hu\/\",\"logo\":{\"@type\":\"ImageObject\",\"inLanguage\":\"en-GB\",\"@id\":\"https:\/\/yco.hu\/#\/schema\/logo\/image\/\",\"url\":\"https:\/\/yco.hu\/wp-content\/uploads\/2025\/01\/yco_logo.svg\",\"contentUrl\":\"https:\/\/yco.hu\/wp-content\/uploads\/2025\/01\/yco_logo.svg\",\"width\":58,\"height\":32,\"caption\":\"YCO digital agency\"},\"image\":{\"@id\":\"https:\/\/yco.hu\/#\/schema\/logo\/image\/\"},\"sameAs\":[\"https:\/\/www.facebook.com\/yco.digital.agency\",\"https:\/\/www.instagram.com\/ycodigitalagency\/\",\"https:\/\/www.tiktok.com\/@ycodigitalagency\",\"https:\/\/hu.linkedin.com\/company\/yco-digital-agency\"],\"email\":\"hello@yco.hu\",\"telephone\":\"+36304011180\",\"legalName\":\"YCO digital Kft\"}]}<\/script>\n<!-- \/ Yoast SEO Premium plugin. -->","yoast_head_json":{"title":"Employment expansion at Y-shift online marketing agency - YCO digital agency","robots":{"index":"index","follow":"follow","max-snippet":"max-snippet:-1","max-image-preview":"max-image-preview:large","max-video-preview":"max-video-preview:-1"},"canonical":"https:\/\/yco.hu\/en\/palyazatok\/foglalkoztatasbovites-a-y-shift-online-marketing-ugynoksegnel\/","og_locale":"en_GB","og_type":"article","og_title":"Foglalkoztat\u00e1sb\u0151v\u00edt\u00e9s a Y-shift online marketing \u00fcgyn\u00f6ks\u00e9gn\u00e9l","og_description":"Foglalkoztat\u00e1s- b\u0151v\u00edt\u00e9s a Y-shift online marketing \u00fcgyn\u00f6ks\u00e9gn\u00e9l Kezd\u0151lap \/ P\u00e1ly\u00e1zatok \/ Foglalkoztat\u00e1s- b\u0151v\u00edt\u00e9s a Y-shift online marketing \u00fcgyn\u00f6ks\u00e9gn\u00e9l Kedvezm\u00e9nyezett neve: Y-shift Kft.Projekt azonos\u00edt\u00f3sz\u00e1ma: GINOP-5.3.12-19-2020-00539Projekt c\u00edme: Foglalkoztat\u00e1sb\u0151v\u00edt\u00e9s a Y-shift online marketing \u00fcgyn\u00f6ks\u00e9gn\u00e9lProjekt megval\u00f3s\u00edt\u00e1s helysz\u00edne: 7621 P\u00e9cs Kazinczy utca 2. 1.em.Projekt \u00f6sszk\u00f6lts\u00e9ge: 19 756 800 FtProjekt t\u00e1mogat\u00e1si \u00f6sszeg: 13 829 760 Ft (70 % intenzit\u00e1s)Projekt id\u0151szak: 2020.07.21. [&hellip;]","og_url":"https:\/\/yco.hu\/en\/palyazatok\/foglalkoztatasbovites-a-y-shift-online-marketing-ugynoksegnel\/","og_site_name":"YCO digital agency","article_publisher":"https:\/\/www.facebook.com\/yco.digital.agency","article_modified_time":"2025-04-15T08:01:00+00:00","og_image":[{"width":1200,"height":628,"url":"https:\/\/yco.hu\/wp-content\/uploads\/2025\/04\/yco_digital_agency.jpg","type":"image\/jpeg"}],"twitter_card":"summary_large_image","twitter_misc":{"Estimated reading time":"1 minute"},"schema":{"@context":"https:\/\/schema.org","@graph":[{"@type":"WebPage","@id":"https:\/\/yco.hu\/palyazatok\/foglalkoztatasbovites-a-y-shift-online-marketing-ugynoksegnel\/","url":"https:\/\/yco.hu\/palyazatok\/foglalkoztatasbovites-a-y-shift-online-marketing-ugynoksegnel\/","name":"Employment expansion at Y-shift online marketing agency - YCO digital agency","isPartOf":{"@id":"https:\/\/yco.hu\/#website"},"datePublished":"2025-04-15T07:26:24+00:00","dateModified":"2025-04-15T08:01:00+00:00","breadcrumb":{"@id":"https:\/\/yco.hu\/palyazatok\/foglalkoztatasbovites-a-y-shift-online-marketing-ugynoksegnel\/#breadcrumb"},"inLanguage":"en-GB","potentialAction":[{"@type":"ReadAction","target":["https:\/\/yco.hu\/palyazatok\/foglalkoztatasbovites-a-y-shift-online-marketing-ugynoksegnel\/"]}]},{"@type":"BreadcrumbList","@id":"https:\/\/yco.hu\/palyazatok\/foglalkoztatasbovites-a-y-shift-online-marketing-ugynoksegnel\/#breadcrumb","itemListElement":[{"@type":"ListItem","position":1,"name":"Kezd\u0151lap","item":"https:\/\/yco.hu\/"},{"@type":"ListItem","position":2,"name":"P\u00e1ly\u00e1zatok","item":"https:\/\/yco.hu\/palyazatok\/"},{"@type":"ListItem","position":3,"name":"Foglalkoztat\u00e1sb\u0151v\u00edt\u00e9s a Y-shift online marketing \u00fcgyn\u00f6ks\u00e9gn\u00e9l"}]},{"@type":"WebSite","@id":"https:\/\/yco.hu\/#website","url":"https:\/\/yco.hu\/","name":"YCO digital agency","description":"YCO digital agency","publisher":{"@id":"https:\/\/yco.hu\/#organization"},"potentialAction":[{"@type":"SearchAction","target":{"@type":"EntryPoint","urlTemplate":"https:\/\/yco.hu\/?s={search_term_string}"},"query-input":{"@type":"PropertyValueSpecification","valueRequired":true,"valueName":"search_term_string"}}],"inLanguage":"en-GB"},{"@type":"Organization","@id":"https:\/\/yco.hu\/#organization","name":"YCO digital agency","url":"https:\/\/yco.hu\/","logo":{"@type":"ImageObject","inLanguage":"en-GB","@id":"https:\/\/yco.hu\/#\/schema\/logo\/image\/","url":"https:\/\/yco.hu\/wp-content\/uploads\/2025\/01\/yco_logo.svg","contentUrl":"https:\/\/yco.hu\/wp-content\/uploads\/2025\/01\/yco_logo.svg","width":58,"height":32,"caption":"YCO digital agency"},"image":{"@id":"https:\/\/yco.hu\/#\/schema\/logo\/image\/"},"sameAs":["https:\/\/www.facebook.com\/yco.digital.agency","https:\/\/www.instagram.com\/ycodigitalagency\/","https:\/\/www.tiktok.com\/@ycodigitalagency","https:\/\/hu.linkedin.com\/company\/yco-digital-agency"],"email":"hello@yco.hu","telephone":"+36304011180","legalName":"YCO digital Kft"}]}},"_links":{"self":[{"href":"https:\/\/yco.hu\/en\/wp-json\/wp\/v2\/pages\/4103","targetHints":{"allow":["GET"]}}],"collection":[{"href":"https:\/\/yco.hu\/en\/wp-json\/wp\/v2\/pages"}],"about":[{"href":"https:\/\/yco.hu\/en\/wp-json\/wp\/v2\/types\/page"}],"author":[{"embeddable":true,"href":"https:\/\/yco.hu\/en\/wp-json\/wp\/v2\/users\/11"}],"replies":[{"embeddable":true,"href":"https:\/\/yco.hu\/en\/wp-json\/wp\/v2\/comments?post=4103"}],"version-history":[{"count":16,"href":"https:\/\/yco.hu\/en\/wp-json\/wp\/v2\/pages\/4103\/revisions"}],"predecessor-version":[{"id":4137,"href":"https:\/\/yco.hu\/en\/wp-json\/wp\/v2\/pages\/4103\/revisions\/4137"}],"up":[{"embeddable":true,"href":"https:\/\/yco.hu\/en\/wp-json\/wp\/v2\/pages\/4082"}],"wp:attachment":[{"href":"https:\/\/yco.hu\/en\/wp-json\/wp\/v2\/media?parent=4103"}],"curies":[{"name":"wp","href":"https:\/\/api.w.org\/{rel}","templated":true}]}}