{"id":4094,"date":"2025-04-15T09:21:33","date_gmt":"2025-04-15T07:21:33","guid":{"rendered":"https:\/\/yco.hu\/?page_id=4094"},"modified":"2025-04-15T10:07:17","modified_gmt":"2025-04-15T08:07:17","slug":"sme-start-innovacio","status":"publish","type":"page","link":"https:\/\/yco.hu\/en\/palyazatok\/sme-start-innovacio\/","title":{"rendered":"SME Start Innovation"},"content":{"rendered":"<div data-elementor-type=\"wp-page\" data-elementor-id=\"4094\" class=\"elementor elementor-4094\" data-elementor-post-type=\"page\">\n\t\t\t\t<div class=\"elementor-element elementor-element-e9eaf6e e-flex e-con-boxed e-con e-parent\" data-id=\"e9eaf6e\" data-element_type=\"container\">\n\t\t\t\t\t<div class=\"e-con-inner\">\n\t\t\t\t<div class=\"elementor-element elementor-element-49b324e elementor-widget elementor-widget-heading\" data-id=\"49b324e\" data-element_type=\"widget\" data-widget_type=\"heading.default\">\n\t\t\t\t<div class=\"elementor-widget-container\">\n\t\t\t\t\t<h2 class=\"elementor-heading-title elementor-size-default\">SME Start Innovation<\/h2>\t\t\t\t<\/div>\n\t\t\t\t<\/div>\n\t\t<div class=\"elementor-element elementor-element-4b9b368 e-con-full e-flex e-con e-child\" data-id=\"4b9b368\" data-element_type=\"container\">\n\t\t\t\t<div class=\"elementor-element elementor-element-1248945 elementor-widget elementor-widget-heading\" data-id=\"1248945\" data-element_type=\"widget\" data-widget_type=\"heading.default\">\n\t\t\t\t<div class=\"elementor-widget-container\">\n\t\t\t\t\t<h2 class=\"elementor-heading-title elementor-size-default\"><a href=\"https:\/\/yco.hu\/en\">Home page<\/a><\/h2>\t\t\t\t<\/div>\n\t\t\t\t<\/div>\n\t\t\t\t<div class=\"elementor-element elementor-element-9e2ef18 elementor-widget elementor-widget-heading\" data-id=\"9e2ef18\" data-element_type=\"widget\" data-widget_type=\"heading.default\">\n\t\t\t\t<div class=\"elementor-widget-container\">\n\t\t\t\t\t<h2 class=\"elementor-heading-title elementor-size-default\">\/<\/h2>\t\t\t\t<\/div>\n\t\t\t\t<\/div>\n\t\t\t\t<div class=\"elementor-element elementor-element-032f911 elementor-widget elementor-widget-heading\" data-id=\"032f911\" data-element_type=\"widget\" data-widget_type=\"heading.default\">\n\t\t\t\t<div class=\"elementor-widget-container\">\n\t\t\t\t\t<h2 class=\"elementor-heading-title elementor-size-default\"><a href=\"\/en\/palyazatok\/\">Applications<\/a><\/h2>\t\t\t\t<\/div>\n\t\t\t\t<\/div>\n\t\t\t\t<div class=\"elementor-element elementor-element-1099151 elementor-widget elementor-widget-heading\" data-id=\"1099151\" data-element_type=\"widget\" data-widget_type=\"heading.default\">\n\t\t\t\t<div class=\"elementor-widget-container\">\n\t\t\t\t\t<h2 class=\"elementor-heading-title elementor-size-default\">\/<\/h2>\t\t\t\t<\/div>\n\t\t\t\t<\/div>\n\t\t\t\t<div class=\"elementor-element elementor-element-1b74d01 elementor-widget elementor-widget-heading\" data-id=\"1b74d01\" data-element_type=\"widget\" data-widget_type=\"heading.default\">\n\t\t\t\t<div class=\"elementor-widget-container\">\n\t\t\t\t\t<h2 class=\"elementor-heading-title elementor-size-default\">SME Start Innovation<\/h2>\t\t\t\t<\/div>\n\t\t\t\t<\/div>\n\t\t\t\t<\/div>\n\t\t\t\t<div class=\"elementor-element elementor-element-a697211 elementor-widget elementor-widget-text-editor\" data-id=\"a697211\" data-element_type=\"widget\" data-widget_type=\"text-editor.default\">\n\t\t\t\t<div class=\"elementor-widget-container\">\n\t\t\t\t\t\t\t\t\t<p>Y-shift Ltd. is conducting a project funded by the National Research, Development and Innovation Fund on \u201eDevelopment of a qualitative market research tool based on the Y-QUAL digital platform\u201d under the SME START INNOVATION (2020-1.1.1-KKV START) call for proposals. You can keep up to date on the progress and status of this project on our website.<\/p>\t\t\t\t\t\t\t\t<\/div>\n\t\t\t\t<\/div>\n\t\t\t\t<div class=\"elementor-element elementor-element-63038c6 elementor-widget elementor-widget-text-editor\" data-id=\"63038c6\" data-element_type=\"widget\" data-widget_type=\"text-editor.default\">\n\t\t\t\t<div class=\"elementor-widget-container\">\n\t\t\t\t\t\t\t\t\t<p><strong>Name of the beneficiary:<\/strong> Y-shift Ltd.<\/p><p><strong>The title of the project is:<\/strong> Development of a qualitative market research tool based on the Y-QUAL digital platform<\/p><p><strong>The amount of the contracted project:<\/strong> 32 932 730 Ft<\/p><p><strong>The amount of aid contracted:<\/strong> 19 759 638 Ft<\/p><p><strong>Rate of aid (in %):<\/strong> 60,00 %<\/p><p><strong>Start date of the project:<\/strong> 2021.07.01.<\/p><p><strong>Project completion date:<\/strong> 2022.06.30.<\/p><p><strong>The project identification number:<\/strong> 2020-1.1.1-KKV-START-2020-00361<\/p>\t\t\t\t\t\t\t\t<\/div>\n\t\t\t\t<\/div>\n\t\t\t\t<div class=\"elementor-element elementor-element-693c939 elementor-widget elementor-widget-heading\" data-id=\"693c939\" data-element_type=\"widget\" data-widget_type=\"heading.default\">\n\t\t\t\t<div class=\"elementor-widget-container\">\n\t\t\t\t\t<h2 class=\"elementor-heading-title elementor-size-default\">Description of the project content<\/h2>\t\t\t\t<\/div>\n\t\t\t\t<\/div>\n\t\t\t\t<div class=\"elementor-element elementor-element-9c22cb7 elementor-widget elementor-widget-text-editor\" data-id=\"9c22cb7\" data-element_type=\"widget\" data-widget_type=\"text-editor.default\">\n\t\t\t\t<div class=\"elementor-widget-container\">\n\t\t\t\t\t\t\t\t\t<p>The aim of the project was to develop a qualitative market research tool based on a digital platform, which allows for a simpler and more cost-effective way of surveying a qualitative sample (20-50 people) of different target groups.<\/p>\t\t\t\t\t\t\t\t<\/div>\n\t\t\t\t<\/div>\n\t\t\t\t<div class=\"elementor-element elementor-element-8e5207f elementor-widget elementor-widget-text-editor\" data-id=\"8e5207f\" data-element_type=\"widget\" data-widget_type=\"text-editor.default\">\n\t\t\t\t<div class=\"elementor-widget-container\">\n\t\t\t\t\t\t\t\t\t<p>The developed system provides a platform for digital ethnography, online community survey and online focus group techniques, which are currently underdeveloped and underused in the Hungarian market.<\/p>\t\t\t\t\t\t\t\t<\/div>\n\t\t\t\t<\/div>\n\t\t\t\t<div class=\"elementor-element elementor-element-29976da elementor-widget elementor-widget-text-editor\" data-id=\"29976da\" data-element_type=\"widget\" data-widget_type=\"text-editor.default\">\n\t\t\t\t<div class=\"elementor-widget-container\">\n\t\t\t\t\t\t\t\t\t<p>The continuous (1-3 weeks) interviewing of participants organised in an online community, where they can answer questions and tasks, even on a daily basis, via smartphone or computer, can be carried out at significantly lower costs than traditional techniques used in the market research market (e.g. face-to-face interviews, focus groups). In addition, by using a digital-first approach, micro-segmented outreach campaigns can be used to deliver qualitative research engagements to the smallest target segments, thus greatly increasing the market potential of your business.<\/p>\t\t\t\t\t\t\t\t<\/div>\n\t\t\t\t<\/div>\n\t\t\t\t\t<\/div>\n\t\t\t\t<\/div>\n\t\t\t\t<\/div>","protected":false},"excerpt":{"rendered":"<p>KKV Start Innov\u00e1ci\u00f3\u200b Kezd\u0151lap \/ P\u00e1ly\u00e1zatok \/ KKV Start Innov\u00e1ci\u00f3\u200b A Y-shift Kft. a Nemzeti Kutat\u00e1si, Fejleszt\u00e9si \u00e9s Innov\u00e1ci\u00f3s Alap finansz\u00edroz\u00e1s\u00e1val \u201eY-QUAL digit\u00e1lis platformra \u00e9p\u00fcl\u0151 kvalitat\u00edv piackutat\u00e1si eszk\u00f6z fejleszt\u00e9se\u201d t\u00e1rgy\u00e1ban vezet projektet az KKV START INNOV\u00c1CI\u00d3 (2020-1.1.1-KKV START) p\u00e1ly\u00e1zati ki\u00edr\u00e1s keret\u00e9ben. Ennek folyamat\u00e1r\u00f3l, illetve st\u00e1tusz\u00e1r\u00f3l folyamatosan t\u00e1j\u00e9koz\u00f3dhat oldalunkon. A kedvezm\u00e9nyezett neve: Y-shift Kft. A projekt [&hellip;]<\/p>","protected":false},"author":11,"featured_media":0,"parent":4082,"menu_order":0,"comment_status":"closed","ping_status":"closed","template":"","meta":{"_acf_changed":false,"footnotes":""},"class_list":["post-4094","page","type-page","status-publish","hentry"],"acf":[],"yoast_head":"<!-- This site is optimized with the Yoast SEO Premium plugin v26.8 (Yoast SEO v26.8) - https:\/\/yoast.com\/product\/yoast-seo-premium-wordpress\/ -->\n<title>KKV Start Innov\u00e1ci\u00f3 - YCO digital agency<\/title>\n<meta name=\"robots\" content=\"index, follow, max-snippet:-1, max-image-preview:large, max-video-preview:-1\" \/>\n<link rel=\"canonical\" href=\"https:\/\/yco.hu\/en\/palyazatok\/sme-start-innovacio\/\" \/>\n<meta property=\"og:locale\" content=\"en_GB\" \/>\n<meta property=\"og:type\" content=\"article\" \/>\n<meta property=\"og:title\" content=\"KKV Start Innov\u00e1ci\u00f3\" \/>\n<meta property=\"og:description\" content=\"KKV Start Innov\u00e1ci\u00f3\u200b Kezd\u0151lap \/ P\u00e1ly\u00e1zatok \/ KKV Start Innov\u00e1ci\u00f3\u200b A Y-shift Kft. a Nemzeti Kutat\u00e1si, Fejleszt\u00e9si \u00e9s Innov\u00e1ci\u00f3s Alap finansz\u00edroz\u00e1s\u00e1val \u201eY-QUAL digit\u00e1lis platformra \u00e9p\u00fcl\u0151 kvalitat\u00edv piackutat\u00e1si eszk\u00f6z fejleszt\u00e9se\u201d t\u00e1rgy\u00e1ban vezet projektet az KKV START INNOV\u00c1CI\u00d3 (2020-1.1.1-KKV START) p\u00e1ly\u00e1zati ki\u00edr\u00e1s keret\u00e9ben. Ennek folyamat\u00e1r\u00f3l, illetve st\u00e1tusz\u00e1r\u00f3l folyamatosan t\u00e1j\u00e9koz\u00f3dhat oldalunkon. A kedvezm\u00e9nyezett neve: Y-shift Kft. A projekt [&hellip;]\" \/>\n<meta property=\"og:url\" content=\"https:\/\/yco.hu\/en\/palyazatok\/sme-start-innovacio\/\" \/>\n<meta property=\"og:site_name\" content=\"YCO digital agency\" \/>\n<meta property=\"article:publisher\" content=\"https:\/\/www.facebook.com\/yco.digital.agency\" \/>\n<meta property=\"article:modified_time\" content=\"2025-04-15T08:07:17+00:00\" \/>\n<meta property=\"og:image\" content=\"https:\/\/yco.hu\/wp-content\/uploads\/2025\/04\/yco_digital_agency.jpg\" \/>\n\t<meta property=\"og:image:width\" content=\"1200\" \/>\n\t<meta property=\"og:image:height\" content=\"628\" \/>\n\t<meta property=\"og:image:type\" content=\"image\/jpeg\" \/>\n<meta name=\"twitter:card\" content=\"summary_large_image\" \/>\n<meta name=\"twitter:label1\" content=\"Estimated reading time\" \/>\n\t<meta name=\"twitter:data1\" content=\"2 minutes\" \/>\n<script type=\"application\/ld+json\" class=\"yoast-schema-graph\">{\"@context\":\"https:\/\/schema.org\",\"@graph\":[{\"@type\":\"WebPage\",\"@id\":\"https:\/\/yco.hu\/palyazatok\/kkv-start-innovacio\/\",\"url\":\"https:\/\/yco.hu\/palyazatok\/kkv-start-innovacio\/\",\"name\":\"KKV Start Innov\u00e1ci\u00f3 - YCO digital agency\",\"isPartOf\":{\"@id\":\"https:\/\/yco.hu\/#website\"},\"datePublished\":\"2025-04-15T07:21:33+00:00\",\"dateModified\":\"2025-04-15T08:07:17+00:00\",\"breadcrumb\":{\"@id\":\"https:\/\/yco.hu\/palyazatok\/kkv-start-innovacio\/#breadcrumb\"},\"inLanguage\":\"en-GB\",\"potentialAction\":[{\"@type\":\"ReadAction\",\"target\":[\"https:\/\/yco.hu\/palyazatok\/kkv-start-innovacio\/\"]}]},{\"@type\":\"BreadcrumbList\",\"@id\":\"https:\/\/yco.hu\/palyazatok\/kkv-start-innovacio\/#breadcrumb\",\"itemListElement\":[{\"@type\":\"ListItem\",\"position\":1,\"name\":\"Kezd\u0151lap\",\"item\":\"https:\/\/yco.hu\/\"},{\"@type\":\"ListItem\",\"position\":2,\"name\":\"P\u00e1ly\u00e1zatok\",\"item\":\"https:\/\/yco.hu\/palyazatok\/\"},{\"@type\":\"ListItem\",\"position\":3,\"name\":\"KKV Start Innov\u00e1ci\u00f3\"}]},{\"@type\":\"WebSite\",\"@id\":\"https:\/\/yco.hu\/#website\",\"url\":\"https:\/\/yco.hu\/\",\"name\":\"YCO digital agency\",\"description\":\"YCO digital agency\",\"publisher\":{\"@id\":\"https:\/\/yco.hu\/#organization\"},\"potentialAction\":[{\"@type\":\"SearchAction\",\"target\":{\"@type\":\"EntryPoint\",\"urlTemplate\":\"https:\/\/yco.hu\/?s={search_term_string}\"},\"query-input\":{\"@type\":\"PropertyValueSpecification\",\"valueRequired\":true,\"valueName\":\"search_term_string\"}}],\"inLanguage\":\"en-GB\"},{\"@type\":\"Organization\",\"@id\":\"https:\/\/yco.hu\/#organization\",\"name\":\"YCO digital agency\",\"url\":\"https:\/\/yco.hu\/\",\"logo\":{\"@type\":\"ImageObject\",\"inLanguage\":\"en-GB\",\"@id\":\"https:\/\/yco.hu\/#\/schema\/logo\/image\/\",\"url\":\"https:\/\/yco.hu\/wp-content\/uploads\/2025\/01\/yco_logo.svg\",\"contentUrl\":\"https:\/\/yco.hu\/wp-content\/uploads\/2025\/01\/yco_logo.svg\",\"width\":58,\"height\":32,\"caption\":\"YCO digital agency\"},\"image\":{\"@id\":\"https:\/\/yco.hu\/#\/schema\/logo\/image\/\"},\"sameAs\":[\"https:\/\/www.facebook.com\/yco.digital.agency\",\"https:\/\/www.instagram.com\/ycodigitalagency\/\",\"https:\/\/www.tiktok.com\/@ycodigitalagency\",\"https:\/\/hu.linkedin.com\/company\/yco-digital-agency\"],\"email\":\"hello@yco.hu\",\"telephone\":\"+36304011180\",\"legalName\":\"YCO digital Kft\"}]}<\/script>\n<!-- \/ Yoast SEO Premium plugin. -->","yoast_head_json":{"title":"SME Start Innovation - YCO digital agency","robots":{"index":"index","follow":"follow","max-snippet":"max-snippet:-1","max-image-preview":"max-image-preview:large","max-video-preview":"max-video-preview:-1"},"canonical":"https:\/\/yco.hu\/en\/palyazatok\/sme-start-innovacio\/","og_locale":"en_GB","og_type":"article","og_title":"KKV Start Innov\u00e1ci\u00f3","og_description":"KKV Start Innov\u00e1ci\u00f3\u200b Kezd\u0151lap \/ P\u00e1ly\u00e1zatok \/ KKV Start Innov\u00e1ci\u00f3\u200b A Y-shift Kft. a Nemzeti Kutat\u00e1si, Fejleszt\u00e9si \u00e9s Innov\u00e1ci\u00f3s Alap finansz\u00edroz\u00e1s\u00e1val \u201eY-QUAL digit\u00e1lis platformra \u00e9p\u00fcl\u0151 kvalitat\u00edv piackutat\u00e1si eszk\u00f6z fejleszt\u00e9se\u201d t\u00e1rgy\u00e1ban vezet projektet az KKV START INNOV\u00c1CI\u00d3 (2020-1.1.1-KKV START) p\u00e1ly\u00e1zati ki\u00edr\u00e1s keret\u00e9ben. Ennek folyamat\u00e1r\u00f3l, illetve st\u00e1tusz\u00e1r\u00f3l folyamatosan t\u00e1j\u00e9koz\u00f3dhat oldalunkon. A kedvezm\u00e9nyezett neve: Y-shift Kft. A projekt [&hellip;]","og_url":"https:\/\/yco.hu\/en\/palyazatok\/sme-start-innovacio\/","og_site_name":"YCO digital agency","article_publisher":"https:\/\/www.facebook.com\/yco.digital.agency","article_modified_time":"2025-04-15T08:07:17+00:00","og_image":[{"width":1200,"height":628,"url":"https:\/\/yco.hu\/wp-content\/uploads\/2025\/04\/yco_digital_agency.jpg","type":"image\/jpeg"}],"twitter_card":"summary_large_image","twitter_misc":{"Estimated reading time":"2 minutes"},"schema":{"@context":"https:\/\/schema.org","@graph":[{"@type":"WebPage","@id":"https:\/\/yco.hu\/palyazatok\/kkv-start-innovacio\/","url":"https:\/\/yco.hu\/palyazatok\/kkv-start-innovacio\/","name":"SME Start Innovation - YCO digital agency","isPartOf":{"@id":"https:\/\/yco.hu\/#website"},"datePublished":"2025-04-15T07:21:33+00:00","dateModified":"2025-04-15T08:07:17+00:00","breadcrumb":{"@id":"https:\/\/yco.hu\/palyazatok\/kkv-start-innovacio\/#breadcrumb"},"inLanguage":"en-GB","potentialAction":[{"@type":"ReadAction","target":["https:\/\/yco.hu\/palyazatok\/kkv-start-innovacio\/"]}]},{"@type":"BreadcrumbList","@id":"https:\/\/yco.hu\/palyazatok\/kkv-start-innovacio\/#breadcrumb","itemListElement":[{"@type":"ListItem","position":1,"name":"Kezd\u0151lap","item":"https:\/\/yco.hu\/"},{"@type":"ListItem","position":2,"name":"P\u00e1ly\u00e1zatok","item":"https:\/\/yco.hu\/palyazatok\/"},{"@type":"ListItem","position":3,"name":"KKV Start Innov\u00e1ci\u00f3"}]},{"@type":"WebSite","@id":"https:\/\/yco.hu\/#website","url":"https:\/\/yco.hu\/","name":"YCO digital agency","description":"YCO digital agency","publisher":{"@id":"https:\/\/yco.hu\/#organization"},"potentialAction":[{"@type":"SearchAction","target":{"@type":"EntryPoint","urlTemplate":"https:\/\/yco.hu\/?s={search_term_string}"},"query-input":{"@type":"PropertyValueSpecification","valueRequired":true,"valueName":"search_term_string"}}],"inLanguage":"en-GB"},{"@type":"Organization","@id":"https:\/\/yco.hu\/#organization","name":"YCO digital agency","url":"https:\/\/yco.hu\/","logo":{"@type":"ImageObject","inLanguage":"en-GB","@id":"https:\/\/yco.hu\/#\/schema\/logo\/image\/","url":"https:\/\/yco.hu\/wp-content\/uploads\/2025\/01\/yco_logo.svg","contentUrl":"https:\/\/yco.hu\/wp-content\/uploads\/2025\/01\/yco_logo.svg","width":58,"height":32,"caption":"YCO digital agency"},"image":{"@id":"https:\/\/yco.hu\/#\/schema\/logo\/image\/"},"sameAs":["https:\/\/www.facebook.com\/yco.digital.agency","https:\/\/www.instagram.com\/ycodigitalagency\/","https:\/\/www.tiktok.com\/@ycodigitalagency","https:\/\/hu.linkedin.com\/company\/yco-digital-agency"],"email":"hello@yco.hu","telephone":"+36304011180","legalName":"YCO digital Kft"}]}},"_links":{"self":[{"href":"https:\/\/yco.hu\/en\/wp-json\/wp\/v2\/pages\/4094","targetHints":{"allow":["GET"]}}],"collection":[{"href":"https:\/\/yco.hu\/en\/wp-json\/wp\/v2\/pages"}],"about":[{"href":"https:\/\/yco.hu\/en\/wp-json\/wp\/v2\/types\/page"}],"author":[{"embeddable":true,"href":"https:\/\/yco.hu\/en\/wp-json\/wp\/v2\/users\/11"}],"replies":[{"embeddable":true,"href":"https:\/\/yco.hu\/en\/wp-json\/wp\/v2\/comments?post=4094"}],"version-history":[{"count":16,"href":"https:\/\/yco.hu\/en\/wp-json\/wp\/v2\/pages\/4094\/revisions"}],"predecessor-version":[{"id":4146,"href":"https:\/\/yco.hu\/en\/wp-json\/wp\/v2\/pages\/4094\/revisions\/4146"}],"up":[{"embeddable":true,"href":"https:\/\/yco.hu\/en\/wp-json\/wp\/v2\/pages\/4082"}],"wp:attachment":[{"href":"https:\/\/yco.hu\/en\/wp-json\/wp\/v2\/media?parent=4094"}],"curies":[{"name":"wp","href":"https:\/\/api.w.org\/{rel}","templated":true}]}}