{"id":4082,"date":"2025-04-15T08:55:57","date_gmt":"2025-04-15T06:55:57","guid":{"rendered":"https:\/\/yco.hu\/?page_id=4082"},"modified":"2025-06-12T08:50:00","modified_gmt":"2025-06-12T06:50:00","slug":"palyazatok","status":"publish","type":"page","link":"https:\/\/yco.hu\/en\/palyazatok\/","title":{"rendered":"Applications"},"content":{"rendered":"<div data-elementor-type=\"wp-page\" data-elementor-id=\"4082\" class=\"elementor elementor-4082\" data-elementor-post-type=\"page\">\n\t\t\t\t<div class=\"elementor-element elementor-element-3850f10 e-flex e-con-boxed e-con e-parent\" data-id=\"3850f10\" data-element_type=\"container\">\n\t\t\t\t\t<div class=\"e-con-inner\">\n\t\t\t\t<div class=\"elementor-element elementor-element-c0c3aeb elementor-widget elementor-widget-heading\" data-id=\"c0c3aeb\" data-element_type=\"widget\" data-widget_type=\"heading.default\">\n\t\t\t\t<div class=\"elementor-widget-container\">\n\t\t\t\t\t<h2 class=\"elementor-heading-title elementor-size-default\">Applications<\/h2>\t\t\t\t<\/div>\n\t\t\t\t<\/div>\n\t\t<div class=\"elementor-element elementor-element-a644e78 e-con-full e-flex e-con e-child\" data-id=\"a644e78\" data-element_type=\"container\">\n\t\t\t\t<div class=\"elementor-element elementor-element-14df9dd elementor-widget elementor-widget-heading\" data-id=\"14df9dd\" data-element_type=\"widget\" data-widget_type=\"heading.default\">\n\t\t\t\t<div class=\"elementor-widget-container\">\n\t\t\t\t\t<h2 class=\"elementor-heading-title elementor-size-default\"><a href=\"\/en\/palyazatok\/yco-digital-kft-development-of-innovative-applications\/\">Developing the innovation capacity of YCO digital Ltd.<\/a><\/h2>\t\t\t\t<\/div>\n\t\t\t\t<\/div>\n\t\t\t\t<div class=\"elementor-element elementor-element-15f62f8 elementor-widget elementor-widget-text-editor\" data-id=\"15f62f8\" data-element_type=\"widget\" data-widget_type=\"text-editor.default\">\n\t\t\t\t<div class=\"elementor-widget-container\">\n\t\t\t\t\t\t\t\t\t<p>The innovation project of YCO Digital Ltd. concerns the activity 6201 Computer programming, in particular the development of webshops and complex websites. The aim of the development is to improve the efficiency of production processes, to improve the delivery of specifications and to apply ISO 9001 PDCA principles. The implementation of the ERP system will create a unified and real-time information flow, supporting marketing and production processes.<\/p>\t\t\t\t\t\t\t\t<\/div>\n\t\t\t\t<\/div>\n\t\t\t\t<div class=\"elementor-element elementor-element-ed5fd3e elementor-align-left visitsite_button elementor-widget elementor-widget-button\" data-id=\"ed5fd3e\" data-element_type=\"widget\" data-widget_type=\"button.default\">\n\t\t\t\t<div class=\"elementor-widget-container\">\n\t\t\t\t\t\t\t\t\t<div class=\"elementor-button-wrapper\">\n\t\t\t\t\t<a class=\"elementor-button elementor-button-link elementor-size-sm\" href=\"\/en\/palyazatok\/erp-palyazat\/\">\n\t\t\t\t\t\t<span class=\"elementor-button-content-wrapper\">\n\t\t\t\t\t\t<span class=\"elementor-button-icon\">\n\t\t\t\t<svg xmlns=\"http:\/\/www.w3.org\/2000\/svg\" width=\"31\" height=\"32\" viewbox=\"0 0 31 32\" fill=\"none\"><circle cx=\"15.5\" cy=\"16.4274\" r=\"15.5\" fill=\"#426DFF\"><\/circle><path d=\"M11 19.8688L18.4446 12.4243H13.5836V10.9274H21V18.3438H19.503V13.4828L12.0586 20.9274L11 19.8688Z\" fill=\"white\"><\/path><\/svg>\t\t\t<\/span>\n\t\t\t\t\t\t\t\t\t<span class=\"elementor-button-text\">I will check<\/span>\n\t\t\t\t\t<\/span>\n\t\t\t\t\t<\/a>\n\t\t\t\t<\/div>\n\t\t\t\t\t\t\t\t<\/div>\n\t\t\t\t<\/div>\n\t\t\t\t<\/div>\n\t\t<div class=\"elementor-element elementor-element-a37980f e-con-full e-flex e-con e-child\" data-id=\"a37980f\" data-element_type=\"container\">\n\t\t\t\t<div class=\"elementor-element elementor-element-2d245ab elementor-widget elementor-widget-heading\" data-id=\"2d245ab\" data-element_type=\"widget\" data-widget_type=\"heading.default\">\n\t\t\t\t<div class=\"elementor-widget-container\">\n\t\t\t\t\t<h2 class=\"elementor-heading-title elementor-size-default\"><a href=\"\/en\/palyazatok\/sme-start-innovacio\/\">SME Start Innovation<\/a><\/h2>\t\t\t\t<\/div>\n\t\t\t\t<\/div>\n\t\t\t\t<div class=\"elementor-element elementor-element-28f0174 elementor-widget elementor-widget-text-editor\" data-id=\"28f0174\" data-element_type=\"widget\" data-widget_type=\"text-editor.default\">\n\t\t\t\t<div class=\"elementor-widget-container\">\n\t\t\t\t\t\t\t\t\t<p>The aim of the project was to develop a qualitative market research tool based on a digital platform, which allows for a simpler and more cost-effective way of surveying a qualitative sample (20-50 people) of different target groups.<\/p>\t\t\t\t\t\t\t\t<\/div>\n\t\t\t\t<\/div>\n\t\t\t\t<div class=\"elementor-element elementor-element-da2775b elementor-align-left visitsite_button elementor-widget elementor-widget-button\" data-id=\"da2775b\" data-element_type=\"widget\" data-widget_type=\"button.default\">\n\t\t\t\t<div class=\"elementor-widget-container\">\n\t\t\t\t\t\t\t\t\t<div class=\"elementor-button-wrapper\">\n\t\t\t\t\t<a class=\"elementor-button elementor-button-link elementor-size-sm\" href=\"\/en\/palyazatok\/sme-start-innovacio\/\">\n\t\t\t\t\t\t<span class=\"elementor-button-content-wrapper\">\n\t\t\t\t\t\t<span class=\"elementor-button-icon\">\n\t\t\t\t<svg xmlns=\"http:\/\/www.w3.org\/2000\/svg\" width=\"31\" height=\"32\" viewbox=\"0 0 31 32\" fill=\"none\"><circle cx=\"15.5\" cy=\"16.4274\" r=\"15.5\" fill=\"#426DFF\"><\/circle><path d=\"M11 19.8688L18.4446 12.4243H13.5836V10.9274H21V18.3438H19.503V13.4828L12.0586 20.9274L11 19.8688Z\" fill=\"white\"><\/path><\/svg>\t\t\t<\/span>\n\t\t\t\t\t\t\t\t\t<span class=\"elementor-button-text\">I will check<\/span>\n\t\t\t\t\t<\/span>\n\t\t\t\t\t<\/a>\n\t\t\t\t<\/div>\n\t\t\t\t\t\t\t\t<\/div>\n\t\t\t\t<\/div>\n\t\t\t\t<\/div>\n\t\t<div class=\"elementor-element elementor-element-3772634 e-con-full e-flex e-con e-child\" data-id=\"3772634\" data-element_type=\"container\">\n\t\t\t\t<div class=\"elementor-element elementor-element-b89e4d7 elementor-widget elementor-widget-heading\" data-id=\"b89e4d7\" data-element_type=\"widget\" data-widget_type=\"heading.default\">\n\t\t\t\t<div class=\"elementor-widget-container\">\n\t\t\t\t\t<h2 class=\"elementor-heading-title elementor-size-default\"><a href=\"\/en\/palyazatok\/foglalkoztatasbovites-a-y-shift-online-marketing-ugynoksegnel\/\">Employment expansion at online marketing agency Y-shift<\/a><\/h2>\t\t\t\t<\/div>\n\t\t\t\t<\/div>\n\t\t\t\t<div class=\"elementor-element elementor-element-58c20fb elementor-widget elementor-widget-text-editor\" data-id=\"58c20fb\" data-element_type=\"widget\" data-widget_type=\"text-editor.default\">\n\t\t\t\t<div class=\"elementor-widget-container\">\n\t\t\t\t\t\t\t\t\t<p>The aim of the project was to develop a qualitative market research tool based on a digital platform, which allows for a simpler and more cost-effective way of surveying a qualitative sample (20-50 people) of different target groups.<\/p>\t\t\t\t\t\t\t\t<\/div>\n\t\t\t\t<\/div>\n\t\t\t\t<div class=\"elementor-element elementor-element-806a177 elementor-align-left visitsite_button elementor-widget elementor-widget-button\" data-id=\"806a177\" data-element_type=\"widget\" data-widget_type=\"button.default\">\n\t\t\t\t<div class=\"elementor-widget-container\">\n\t\t\t\t\t\t\t\t\t<div class=\"elementor-button-wrapper\">\n\t\t\t\t\t<a class=\"elementor-button elementor-button-link elementor-size-sm\" href=\"\/en\/palyazatok\/foglalkoztatasbovites-a-y-shift-online-marketing-ugynoksegnel\/\">\n\t\t\t\t\t\t<span class=\"elementor-button-content-wrapper\">\n\t\t\t\t\t\t<span class=\"elementor-button-icon\">\n\t\t\t\t<svg xmlns=\"http:\/\/www.w3.org\/2000\/svg\" width=\"31\" height=\"32\" viewbox=\"0 0 31 32\" fill=\"none\"><circle cx=\"15.5\" cy=\"16.4274\" r=\"15.5\" fill=\"#426DFF\"><\/circle><path d=\"M11 19.8688L18.4446 12.4243H13.5836V10.9274H21V18.3438H19.503V13.4828L12.0586 20.9274L11 19.8688Z\" fill=\"white\"><\/path><\/svg>\t\t\t<\/span>\n\t\t\t\t\t\t\t\t\t<span class=\"elementor-button-text\">I will check<\/span>\n\t\t\t\t\t<\/span>\n\t\t\t\t\t<\/a>\n\t\t\t\t<\/div>\n\t\t\t\t\t\t\t\t<\/div>\n\t\t\t\t<\/div>\n\t\t\t\t<\/div>\n\t\t\t\t\t<\/div>\n\t\t\t\t<\/div>\n\t\t\t\t<\/div>","protected":false},"excerpt":{"rendered":"<p>P\u00e1ly\u00e1zatok YCO digital Kft. innov\u00e1ci\u00f3s k\u00e9pess\u00e9g\u00e9nek fejleszt\u00e9se A YCO Digital Kft. innov\u00e1ci\u00f3s projektje a 6201 Sz\u00e1m\u00edt\u00f3g\u00e9pes programoz\u00e1s tev\u00e9kenys\u00e9g\u00e9t \u00e9rinti, k\u00fcl\u00f6n\u00f6sen webshopok \u00e9s komplex weboldalak fejleszt\u00e9s\u00e9t. A fejleszt\u00e9s c\u00e9lja a termel\u00e9si folyamatok hat\u00e9konyabb\u00e1 t\u00e9tele, a specifik\u00e1ci\u00f3k \u00e1tad\u00e1s\u00e1nak jav\u00edt\u00e1sa \u00e9s az ISO 9001 PDCA elvek alkalmaz\u00e1sa. Az ERP rendszer bevezet\u00e9s\u00e9vel egys\u00e9ges \u00e9s val\u00f3s idej\u0171 inform\u00e1ci\u00f3\u00e1raml\u00e1s j\u00f6n l\u00e9tre, [&hellip;]<\/p>","protected":false},"author":11,"featured_media":0,"parent":0,"menu_order":0,"comment_status":"closed","ping_status":"closed","template":"","meta":{"_acf_changed":false,"footnotes":""},"class_list":["post-4082","page","type-page","status-publish","hentry"],"acf":[],"yoast_head":"<!-- This site is optimized with the Yoast SEO Premium plugin v26.8 (Yoast SEO v26.8) - https:\/\/yoast.com\/product\/yoast-seo-premium-wordpress\/ -->\n<title>P\u00e1ly\u00e1zatok - YCO digital agency<\/title>\n<meta name=\"robots\" content=\"index, follow, max-snippet:-1, max-image-preview:large, max-video-preview:-1\" \/>\n<link rel=\"canonical\" href=\"https:\/\/yco.hu\/en\/palyazatok\/\" \/>\n<meta property=\"og:locale\" content=\"en_GB\" \/>\n<meta property=\"og:type\" content=\"article\" \/>\n<meta property=\"og:title\" content=\"P\u00e1ly\u00e1zatok\" \/>\n<meta property=\"og:description\" content=\"P\u00e1ly\u00e1zatok YCO digital Kft. innov\u00e1ci\u00f3s k\u00e9pess\u00e9g\u00e9nek fejleszt\u00e9se A YCO Digital Kft. innov\u00e1ci\u00f3s projektje a 6201 Sz\u00e1m\u00edt\u00f3g\u00e9pes programoz\u00e1s tev\u00e9kenys\u00e9g\u00e9t \u00e9rinti, k\u00fcl\u00f6n\u00f6sen webshopok \u00e9s komplex weboldalak fejleszt\u00e9s\u00e9t. A fejleszt\u00e9s c\u00e9lja a termel\u00e9si folyamatok hat\u00e9konyabb\u00e1 t\u00e9tele, a specifik\u00e1ci\u00f3k \u00e1tad\u00e1s\u00e1nak jav\u00edt\u00e1sa \u00e9s az ISO 9001 PDCA elvek alkalmaz\u00e1sa. Az ERP rendszer bevezet\u00e9s\u00e9vel egys\u00e9ges \u00e9s val\u00f3s idej\u0171 inform\u00e1ci\u00f3\u00e1raml\u00e1s j\u00f6n l\u00e9tre, [&hellip;]\" \/>\n<meta property=\"og:url\" content=\"https:\/\/yco.hu\/en\/palyazatok\/\" \/>\n<meta property=\"og:site_name\" content=\"YCO digital agency\" \/>\n<meta property=\"article:publisher\" content=\"https:\/\/www.facebook.com\/yco.digital.agency\" \/>\n<meta property=\"article:modified_time\" content=\"2025-06-12T06:50:00+00:00\" \/>\n<meta property=\"og:image\" content=\"https:\/\/yco.hu\/wp-content\/uploads\/2025\/04\/yco_digital_agency.jpg\" \/>\n\t<meta property=\"og:image:width\" content=\"1200\" \/>\n\t<meta property=\"og:image:height\" content=\"628\" \/>\n\t<meta property=\"og:image:type\" content=\"image\/jpeg\" \/>\n<meta name=\"twitter:card\" content=\"summary_large_image\" \/>\n<meta name=\"twitter:label1\" content=\"Estimated reading time\" \/>\n\t<meta name=\"twitter:data1\" content=\"1 minute\" \/>\n<script type=\"application\/ld+json\" class=\"yoast-schema-graph\">{\"@context\":\"https:\/\/schema.org\",\"@graph\":[{\"@type\":\"WebPage\",\"@id\":\"https:\/\/yco.hu\/palyazatok\/\",\"url\":\"https:\/\/yco.hu\/palyazatok\/\",\"name\":\"P\u00e1ly\u00e1zatok - YCO digital agency\",\"isPartOf\":{\"@id\":\"https:\/\/yco.hu\/#website\"},\"datePublished\":\"2025-04-15T06:55:57+00:00\",\"dateModified\":\"2025-06-12T06:50:00+00:00\",\"breadcrumb\":{\"@id\":\"https:\/\/yco.hu\/palyazatok\/#breadcrumb\"},\"inLanguage\":\"en-GB\",\"potentialAction\":[{\"@type\":\"ReadAction\",\"target\":[\"https:\/\/yco.hu\/palyazatok\/\"]}]},{\"@type\":\"BreadcrumbList\",\"@id\":\"https:\/\/yco.hu\/palyazatok\/#breadcrumb\",\"itemListElement\":[{\"@type\":\"ListItem\",\"position\":1,\"name\":\"Kezd\u0151lap\",\"item\":\"https:\/\/yco.hu\/\"},{\"@type\":\"ListItem\",\"position\":2,\"name\":\"P\u00e1ly\u00e1zatok\"}]},{\"@type\":\"WebSite\",\"@id\":\"https:\/\/yco.hu\/#website\",\"url\":\"https:\/\/yco.hu\/\",\"name\":\"YCO digital agency\",\"description\":\"YCO digital agency\",\"publisher\":{\"@id\":\"https:\/\/yco.hu\/#organization\"},\"potentialAction\":[{\"@type\":\"SearchAction\",\"target\":{\"@type\":\"EntryPoint\",\"urlTemplate\":\"https:\/\/yco.hu\/?s={search_term_string}\"},\"query-input\":{\"@type\":\"PropertyValueSpecification\",\"valueRequired\":true,\"valueName\":\"search_term_string\"}}],\"inLanguage\":\"en-GB\"},{\"@type\":\"Organization\",\"@id\":\"https:\/\/yco.hu\/#organization\",\"name\":\"YCO digital agency\",\"url\":\"https:\/\/yco.hu\/\",\"logo\":{\"@type\":\"ImageObject\",\"inLanguage\":\"en-GB\",\"@id\":\"https:\/\/yco.hu\/#\/schema\/logo\/image\/\",\"url\":\"https:\/\/yco.hu\/wp-content\/uploads\/2025\/01\/yco_logo.svg\",\"contentUrl\":\"https:\/\/yco.hu\/wp-content\/uploads\/2025\/01\/yco_logo.svg\",\"width\":58,\"height\":32,\"caption\":\"YCO digital agency\"},\"image\":{\"@id\":\"https:\/\/yco.hu\/#\/schema\/logo\/image\/\"},\"sameAs\":[\"https:\/\/www.facebook.com\/yco.digital.agency\",\"https:\/\/www.instagram.com\/ycodigitalagency\/\",\"https:\/\/www.tiktok.com\/@ycodigitalagency\",\"https:\/\/hu.linkedin.com\/company\/yco-digital-agency\"],\"email\":\"hello@yco.hu\",\"telephone\":\"+36304011180\",\"legalName\":\"YCO digital Kft\"}]}<\/script>\n<!-- \/ Yoast SEO Premium plugin. -->","yoast_head_json":{"title":"Applications - YCO digital agency","robots":{"index":"index","follow":"follow","max-snippet":"max-snippet:-1","max-image-preview":"max-image-preview:large","max-video-preview":"max-video-preview:-1"},"canonical":"https:\/\/yco.hu\/en\/palyazatok\/","og_locale":"en_GB","og_type":"article","og_title":"P\u00e1ly\u00e1zatok","og_description":"P\u00e1ly\u00e1zatok YCO digital Kft. innov\u00e1ci\u00f3s k\u00e9pess\u00e9g\u00e9nek fejleszt\u00e9se A YCO Digital Kft. innov\u00e1ci\u00f3s projektje a 6201 Sz\u00e1m\u00edt\u00f3g\u00e9pes programoz\u00e1s tev\u00e9kenys\u00e9g\u00e9t \u00e9rinti, k\u00fcl\u00f6n\u00f6sen webshopok \u00e9s komplex weboldalak fejleszt\u00e9s\u00e9t. A fejleszt\u00e9s c\u00e9lja a termel\u00e9si folyamatok hat\u00e9konyabb\u00e1 t\u00e9tele, a specifik\u00e1ci\u00f3k \u00e1tad\u00e1s\u00e1nak jav\u00edt\u00e1sa \u00e9s az ISO 9001 PDCA elvek alkalmaz\u00e1sa. Az ERP rendszer bevezet\u00e9s\u00e9vel egys\u00e9ges \u00e9s val\u00f3s idej\u0171 inform\u00e1ci\u00f3\u00e1raml\u00e1s j\u00f6n l\u00e9tre, [&hellip;]","og_url":"https:\/\/yco.hu\/en\/palyazatok\/","og_site_name":"YCO digital agency","article_publisher":"https:\/\/www.facebook.com\/yco.digital.agency","article_modified_time":"2025-06-12T06:50:00+00:00","og_image":[{"width":1200,"height":628,"url":"https:\/\/yco.hu\/wp-content\/uploads\/2025\/04\/yco_digital_agency.jpg","type":"image\/jpeg"}],"twitter_card":"summary_large_image","twitter_misc":{"Estimated reading time":"1 minute"},"schema":{"@context":"https:\/\/schema.org","@graph":[{"@type":"WebPage","@id":"https:\/\/yco.hu\/palyazatok\/","url":"https:\/\/yco.hu\/palyazatok\/","name":"Applications - YCO digital agency","isPartOf":{"@id":"https:\/\/yco.hu\/#website"},"datePublished":"2025-04-15T06:55:57+00:00","dateModified":"2025-06-12T06:50:00+00:00","breadcrumb":{"@id":"https:\/\/yco.hu\/palyazatok\/#breadcrumb"},"inLanguage":"en-GB","potentialAction":[{"@type":"ReadAction","target":["https:\/\/yco.hu\/palyazatok\/"]}]},{"@type":"BreadcrumbList","@id":"https:\/\/yco.hu\/palyazatok\/#breadcrumb","itemListElement":[{"@type":"ListItem","position":1,"name":"Kezd\u0151lap","item":"https:\/\/yco.hu\/"},{"@type":"ListItem","position":2,"name":"P\u00e1ly\u00e1zatok"}]},{"@type":"WebSite","@id":"https:\/\/yco.hu\/#website","url":"https:\/\/yco.hu\/","name":"YCO digital agency","description":"YCO digital agency","publisher":{"@id":"https:\/\/yco.hu\/#organization"},"potentialAction":[{"@type":"SearchAction","target":{"@type":"EntryPoint","urlTemplate":"https:\/\/yco.hu\/?s={search_term_string}"},"query-input":{"@type":"PropertyValueSpecification","valueRequired":true,"valueName":"search_term_string"}}],"inLanguage":"en-GB"},{"@type":"Organization","@id":"https:\/\/yco.hu\/#organization","name":"YCO digital agency","url":"https:\/\/yco.hu\/","logo":{"@type":"ImageObject","inLanguage":"en-GB","@id":"https:\/\/yco.hu\/#\/schema\/logo\/image\/","url":"https:\/\/yco.hu\/wp-content\/uploads\/2025\/01\/yco_logo.svg","contentUrl":"https:\/\/yco.hu\/wp-content\/uploads\/2025\/01\/yco_logo.svg","width":58,"height":32,"caption":"YCO digital agency"},"image":{"@id":"https:\/\/yco.hu\/#\/schema\/logo\/image\/"},"sameAs":["https:\/\/www.facebook.com\/yco.digital.agency","https:\/\/www.instagram.com\/ycodigitalagency\/","https:\/\/www.tiktok.com\/@ycodigitalagency","https:\/\/hu.linkedin.com\/company\/yco-digital-agency"],"email":"hello@yco.hu","telephone":"+36304011180","legalName":"YCO digital Kft"}]}},"_links":{"self":[{"href":"https:\/\/yco.hu\/en\/wp-json\/wp\/v2\/pages\/4082","targetHints":{"allow":["GET"]}}],"collection":[{"href":"https:\/\/yco.hu\/en\/wp-json\/wp\/v2\/pages"}],"about":[{"href":"https:\/\/yco.hu\/en\/wp-json\/wp\/v2\/types\/page"}],"author":[{"embeddable":true,"href":"https:\/\/yco.hu\/en\/wp-json\/wp\/v2\/users\/11"}],"replies":[{"embeddable":true,"href":"https:\/\/yco.hu\/en\/wp-json\/wp\/v2\/comments?post=4082"}],"version-history":[{"count":28,"href":"https:\/\/yco.hu\/en\/wp-json\/wp\/v2\/pages\/4082\/revisions"}],"predecessor-version":[{"id":5125,"href":"https:\/\/yco.hu\/en\/wp-json\/wp\/v2\/pages\/4082\/revisions\/5125"}],"wp:attachment":[{"href":"https:\/\/yco.hu\/en\/wp-json\/wp\/v2\/media?parent=4082"}],"curies":[{"name":"wp","href":"https:\/\/api.w.org\/{rel}","templated":true}]}}